{"id":3390,"date":"2021-10-10T10:46:11","date_gmt":"2021-10-10T10:46:11","guid":{"rendered":"https:\/\/thetreefern.com\/?page_id=3390"},"modified":"2021-10-10T10:46:11","modified_gmt":"2021-10-10T10:46:11","slug":"legal-mentions","status":"publish","type":"page","link":"https:\/\/thetreefern.com\/en\/legal-mentions\/","title":{"rendered":"Legal mentions"},"content":{"rendered":"<p><strong>Menciones legales<\/strong><\/p>\n<p><strong>Informaci\u00f3n de la empresa:<\/strong><\/p>\n<p>El sitio www.thetreefern.com es propiedad de la persona f\u00edsica Adri\u00e1n L\u00f3pez Bernardo, as\u00ed como el conjunto de derechos y accesorios que de \u00e9l se deriven:<\/p>\n<p><strong>-Sede:<\/strong>\u00a0Lugar O Valo 1b n\u00ba3 Meir\u00e1s, Sada 15168 La Coru\u00f1a, Espa\u00f1a.<\/p>\n<p><strong>-Nombre:<\/strong> Adri\u00e1n L\u00f3pez Bernardo<\/p>\n<p><strong>-NIF:<\/strong> 54150725P<\/p>\n<p><strong>-Tel.:<\/strong>\u00a0617969360<\/p>\n<p><strong>-Correo electr\u00f3nico: <\/strong><a href=\"mailto:contact@thetreefern.com\">contact@thetreefern.com<\/a><\/p>\n<p><strong>-Direcci\u00f3n de las instalaciones de vivero:<\/strong> Lugar de Brea 124, Gu\u00edsamo 15640 La Coru\u00f1a, Espa\u00f1a.<\/p>\n<p><strong>Datos de inscripci\u00f3n y licencias adicionales:<\/strong><\/p>\n<p>-Registro oficial de Productores, Comerciantes e Importadores de Vegetales, Productos Vegetales y Otros Objetos.<\/p>\n<p>-Registro de Productores de Semillas y Plantas de Vivero, categor\u00eda Ornamentales.<\/p>\n<p>Los citados permisos son concedidos a Adri\u00e1n L\u00f3pez Bernardo bajo el n\u00famero ES11154211.<\/p>\n<p><strong>Prestatario t\u00e9cnico (servidor):<\/strong><br \/>\nEl sitio www.thetreefern.com tiene su servidor en Hostinger international LCD.<\/p>\n<p>&nbsp;<\/p>\n<p><strong>Protecci\u00f3n de los Datos Personales:<\/strong><\/p>\n<p>Los datos personales que pueden ser colectados en la web <strong>Thetreefern.com<\/strong> son las siguientes:<\/p>\n<p><strong>Creaci\u00f3n de una cuenta:<\/strong><br \/>\nSon principalmente registrados, durante la creaci\u00f3n de su cuenta, su nombre, apellidos, direcci\u00f3n, correo electr\u00f3nico, n\u00famero de tel\u00e9fono y sus datos de conexi\u00f3n.<\/p>\n<p><strong>Pagos en la web:<\/strong><br \/>\nEn caso de una transacci\u00f3n financiera en la web Thetreefern.com, esta registra de manera criptada los datos relativos a su tarjeta de cr\u00e9dito en nuestro proveedor de pagos en l\u00ednea v\u00eda los protocolos de seguridad en vigor.<\/p>\n<p><strong>Contacto\/Opiniones sobre Thetreefern <\/strong>(thetreefern.com)<strong>:<\/strong><br \/>\nCuando rellena el formulario contacto\/dejar una opini\u00f3n, o del env\u00edo de un mail, se colecta sus apellidos, nombre, correo electr\u00f3nico y su mensaje.<\/p>\n<p><strong>\u2022<\/strong>\u00a0<a href=\"https:\/\/thetreefern.com\/politica-privacidad\/\">Informaci\u00f3n sobre la Pol\u00edtica de privacidad<\/a><\/p>\n<p>&nbsp;<\/p>\n<p><strong>Uso de las Cookies:<\/strong><\/p>\n<p>Cuando consulta nuestra p\u00e1gina thetreefern.com, unas cookies se almacenan en su ordenador, m\u00f3vil o tableta.<br \/>\nNuestra p\u00e1gina est\u00e1 concebida para prestar una particular atenci\u00f3n a las necesidades y expectativas de nuestros clientes. Entre otras razones por las cuales utilizamos las cookies para identificarle, est\u00e1 acceder a su cuenta, gestionar su cesta de compra.<\/p>\n<p>&nbsp;<\/p>\n<p><strong>\u2022<\/strong>\u00a0<a href=\"https:\/\/thetreefern.com\/politica-de-cookies\/\">Informaci\u00f3n sobre la P\u00f3litica de Cookies<\/a><\/p>\n<p>&nbsp;<\/p>\n<p><strong>Condiciones generales de venta<\/strong><\/p>\n<p>El sitio www.thetreefern.com es propiedad de la persona f\u00edsica Adri\u00e1n L\u00f3pez Bernardo, as\u00ed como el conjunto de derechos y accesorios que de \u00e9l se deriven. Toda reproducci\u00f3n integral o parcial estar\u00e1 forzosamente sometida a la autorizaci\u00f3n del propietario.<\/p>\n<p>Sin embargo, los enlaces (hipertexto) hacia el sitio web www.thetreefern.com est\u00e1n autorizados sin previa petici\u00f3n.<br \/>\nEl hecho de pasar un pedido implica la aceptaci\u00f3n sin reservas de las condiciones de venta y de los precios indicados en el sitio.<\/p>\n<p>The tree fern (thetreefern.com) se compromete rec\u00edprocamente a respetar las obligaciones que le incumben. Estas condiciones se aplican exclusivamente a todo pedido hecho v\u00eda los sitios <a href=\"http:\/\/www.thetreefern.com\">www.thetreefern.com<\/a> o por tel\u00e9fono.<\/p>\n<p>&nbsp;<\/p>\n<p><strong>\u2022<\/strong>\u00a0<a href=\"https:\/\/thetreefern.com\/condiciones-de-venta\/\">Informaci\u00f3n sobre las Condiciones de venta<\/a><\/p>\n<p>&nbsp;<\/p>\n<p><strong>Cr\u00e9ditos fotos, ilustraciones, v\u00eddeos:<\/strong><\/p>\n<p>Thetreefern.com, Unsplash.com, pexels.com, pixabay.com, fotograf\u00eda con licencias de uso adquirida a profesionales particulares, y fotograf\u00eda cedida por particulares.<\/p>\n","protected":false},"excerpt":{"rendered":"<p>Menciones legales Informaci\u00f3n de la empresa: El sitio www.thetreefern.com es propiedad de la persona f\u00edsica Adri\u00e1n L\u00f3pez Bernardo, as\u00ed como el conjunto de derechos y accesorios que de \u00e9l se deriven: -Sede:\u00a0Lugar O Valo 1b n\u00ba3 Meir\u00e1s, Sada 15168 La Coru\u00f1a, Espa\u00f1a. -Nombre: Adri\u00e1n L\u00f3pez Bernardo -NIF: 54150725P -Tel.:\u00a0617969360 -Correo electr\u00f3nico: contact@thetreefern.com -Direcci\u00f3n de las [&hellip;]<\/p>\n","protected":false},"author":3,"featured_media":0,"parent":0,"menu_order":0,"comment_status":"closed","ping_status":"closed","template":"","meta":{"footnotes":""},"_links":{"self":[{"href":"https:\/\/thetreefern.com\/en\/wp-json\/wp\/v2\/pages\/3390"}],"collection":[{"href":"https:\/\/thetreefern.com\/en\/wp-json\/wp\/v2\/pages"}],"about":[{"href":"https:\/\/thetreefern.com\/en\/wp-json\/wp\/v2\/types\/page"}],"author":[{"embeddable":true,"href":"https:\/\/thetreefern.com\/en\/wp-json\/wp\/v2\/users\/3"}],"replies":[{"embeddable":true,"href":"https:\/\/thetreefern.com\/en\/wp-json\/wp\/v2\/comments?post=3390"}],"version-history":[{"count":1,"href":"https:\/\/thetreefern.com\/en\/wp-json\/wp\/v2\/pages\/3390\/revisions"}],"predecessor-version":[{"id":3391,"href":"https:\/\/thetreefern.com\/en\/wp-json\/wp\/v2\/pages\/3390\/revisions\/3391"}],"wp:attachment":[{"href":"https:\/\/thetreefern.com\/en\/wp-json\/wp\/v2\/media?parent=3390"}],"curies":[{"name":"wp","href":"https:\/\/api.w.org\/{rel}","templated":true}]}}