{"id":3392,"date":"2021-10-10T10:47:08","date_gmt":"2021-10-10T10:47:08","guid":{"rendered":"https:\/\/thetreefern.com\/?page_id=3392"},"modified":"2021-10-10T10:47:08","modified_gmt":"2021-10-10T10:47:08","slug":"cookies-policy","status":"publish","type":"page","link":"https:\/\/thetreefern.com\/en\/cookies-policy\/","title":{"rendered":"Cookies policy"},"content":{"rendered":"<p><strong>Pol\u00edtica de Cookies<\/strong><\/p>\n<p>En esta Pol\u00edtica de Cookies encontrar\u00e1s informaci\u00f3n sobre el uso que realizamos de las cookies y<br \/>\ndispositivos similares que se instalan en los terminales de nuestros clientes y usuarios. En ocasiones, el<br \/>\nuso de cookies puede estar relacionado con el tratamiento de datos personales, por lo que te<br \/>\nrecomendamos que consultes nuestra Pol\u00edtica de Privacidad, accesible en nuestra Web, si deseas<br \/>\ninformaci\u00f3n sobre c\u00f3mo usamos los datos personales de nuestros clientes y usuarios, c\u00f3mo ejercitar tus<br \/>\nderechos, o la terminolog\u00eda que utilizamos para referirnos a nuestra Plataforma (Web o Tienda<br \/>\nF\u00edsica).<\/p>\n<p><strong>INFORMACI\u00d3N SOBRE COOKIES<\/strong><\/p>\n<p><strong>1. \u00bfQu\u00e9 es una Cookie?<\/strong><br \/>\nUna Cookie es un peque\u00f1o fichero de texto que un sitio web, app u otra plataforma almacena en tu<br \/>\nordenador, tableta, tel\u00e9fono inteligente o cualquier otro dispositivo similar, con informaci\u00f3n sobre tu<br \/>\nnavegaci\u00f3n o uso, como una etiqueta que identifica tu dispositivo. Las Cookies son necesarias por ejemplo<br \/>\npara facilitar la navegaci\u00f3n y conocer la manera en que interact\u00faan los usuarios con las plataformas, de<br \/>\nmanera que puedan ser mejoradas. Tambi\u00e9n son muy \u00fatiles para poder ofrecer publicidad seg\u00fan las<br \/>\npreferencias del usuario, as\u00ed como para otras finalidades que se detallan m\u00e1s adelante. Las Cookies no<br \/>\nda\u00f1an tu ordenador o dispositivo.<br \/>\nCuando hablamos de &#8220;Cookies&#8221; tambi\u00e9n nos referimos a otras tecnolog\u00edas similares de instalaci\u00f3n y\/o<br \/>\nrecogida de informaci\u00f3n en o sobre tu dispositivo (tales como flash cookies, web beacons o bugs, pixels,<br \/>\nHTML5 (de almacenamiento local), y tecnolog\u00edas SDK para formatos app. Asimismo, el t\u00e9rmino \u201cCookies\u201d<br \/>\ntambi\u00e9n resulta de aplicaci\u00f3n al uso de t\u00e9cnicas de fingerprinting, es decir, aquellas t\u00e9cnicas de<br \/>\ncombinaci\u00f3n de informaci\u00f3n que nos ayudan a identificar tu dispositivo. En ocasiones, estas tecnolog\u00edas<br \/>\nfuncionan de manera conjunta con cookies para recopilar y almacenar informaci\u00f3n, bien para<br \/>\nproporcionarte ciertas funcionalidades o servicios en nuestra Web, o bien para mostrarte publicidad<br \/>\nen las plataformas de terceros, teniendo en cuenta tu navegaci\u00f3n.<br \/>\nEsta explicaci\u00f3n es una muestra general de lo que se entiende por Cookies a meros efectos informativos.<br \/>\nLas Cookies que utilizamos de manera espec\u00edfica se detallan en el panel de configuraci\u00f3n de cookies<br \/>\naccesible en nuestra Web.<\/p>\n<p><strong>2. \u00bfQu\u00e9 tipos de Cookies existen?<\/strong><\/p>\n<p>Por favor, revisa esta secci\u00f3n que proporciona una visi\u00f3n general de la tipolog\u00eda de Cookies que se pueden<br \/>\nutilizar en un entorno online.<\/p>\n<p><strong>En funci\u00f3n del propietario de las Cookies, pueden clasificarse en:<\/strong><\/p>\n<p><strong>a. Cookies propias:<\/strong> Son aquellas que se env\u00edan al ordenador o dispositivo del usuario desde un<br \/>\nequipo o dominio gestionado por el propio editor, y desde el que se ofrece la plataforma o el<br \/>\nservicio solicitado por el usuario.<\/p>\n<p><strong>b. Cookies de terceros:<\/strong> Son aquellas que se env\u00edan al ordenador o dispositivo del usuario desde un<br \/>\nequipo o dominio que no es gestionado por el editor, sino por otra entidad que trata los datos<br \/>\nobtenidos a trav\u00e9s de las cookies.<\/p>\n<p><strong>En funci\u00f3n de la finalidad de la Cookie, pueden clasificarse en:<\/strong><\/p>\n<p><strong>a. Cookies estrictamente necesarias (t\u00e9cnicas)<\/strong>: Son aquellas que permiten al usuario la navegaci\u00f3n<br \/>\na trav\u00e9s de una p\u00e1gina web, plataforma o aplicaci\u00f3n y la utilizaci\u00f3n de las diferentes opciones o<br \/>\nservicios que en ellas existan como, por ejemplo, controlar el tr\u00e1fico, identificar datos o la sesi\u00f3n,<br \/>\nacceder a secciones o contenidos de acceso restringido, recordar los elementos que integran un<br \/>\npedido, realizar el proceso de compra de un pedido, gestionar el pago, controlar el fraude<br \/>\nvinculador a la seguridad del servicio, utilizar elementos de seguridad durante la navegaci\u00f3n,<br \/>\nrealizar la solicitud de inscripci\u00f3n o participaci\u00f3n en un evento, almacenar contenidos para la<br \/>\ndifusi\u00f3n de videos o sonido, habilitar contenidos din\u00e1micos (por ejemplo, animaci\u00f3n de carga de<br \/>\nun texto o imagen) o compartir contenidos a trav\u00e9s de redes sociales. Las cookies t\u00e9cnicas, al ser<br \/>\nestrictamente necesarias, se descargan por defecto cuando permitan mostrar la plataforma o<br \/>\nprestar el servicio solicitado por el usuario.<\/p>\n<p><strong>b. Cookies de funcionalidad o personalizaci\u00f3n:<\/strong> Estas cookies son aquellas que permiten recordar<br \/>\ninformaci\u00f3n para que el usuario acceda al servicio o plataforma con determinadas caracter\u00edsticas<br \/>\nque pueden diferenciar su experiencia de la de otros usuarios, como, por ejemplo, el idioma, el<br \/>\nn\u00famero de resultados a mostrar cuando el usuario realiza una b\u00fasqueda, el aspecto o contenido<br \/>\ndel servicio en funci\u00f3n del tipo de navegador usado por el usuario o de la regi\u00f3n desde la que<br \/>\naccede al servicio, etc. El no aceptar estas Cookies puede generar un rendimiento lento de la<br \/>\np\u00e1gina web o recomendaciones mal adaptadas.<\/p>\n<p><strong>c. Cookies de an\u00e1lisis:<\/strong> Son aquellas que permiten cuantificar el n\u00famero de usuarios, las secciones<br \/>\nvisitadas en la plataforma y c\u00f3mo interact\u00faan con la misma, para as\u00ed realizar la medici\u00f3n y an\u00e1lisis<br \/>\nestad\u00edstico de la utilizaci\u00f3n que hacen los usuarios, con el fin de introducir mejoras en funci\u00f3n del<br \/>\nan\u00e1lisis de los datos de uso que hacen los usuarios de la plataforma o servicio.<\/p>\n<p><strong>d. Cookies de publicidad comportamental:<\/strong> Son aquellas que almacenan informaci\u00f3n del<br \/>\ncomportamiento de los usuarios obtenida a trav\u00e9s de la observaci\u00f3n continuada de sus h\u00e1bitos de<br \/>\nnavegaci\u00f3n, lo que permite desarrollar un perfil espec\u00edfico para mostrar publicidad en funci\u00f3n del<br \/>\nmismo. Estas cookies permiten la gesti\u00f3n, de la forma m\u00e1s eficaz posible, de los espacios<br \/>\npublicitarios que, en su caso, el editor haya incluido directamente o en colaboraci\u00f3n con terceros.<\/p>\n<p><strong>3. \u00bfPara qu\u00e9 se utilizan las Cookies en nuestra Plataforma?<\/strong><br \/>\nLas Cookies son una parte esencial de c\u00f3mo funciona nuestra <strong>Web<\/strong>. El objetivo principal de nuestras<br \/>\nCookies es que tu experiencia de navegaci\u00f3n sea m\u00e1s c\u00f3moda y eficiente. Por ejemplo, son utilizadas<br \/>\npara recordar tus preferencias (idioma, pa\u00eds, etc.) durante la navegaci\u00f3n y en futuras visitas. Tambi\u00e9n<br \/>\nusamos nuestras Cookies para mejorar nuestros servicios y Web continuamente, as\u00ed como para<br \/>\npoder ofrecer publicidad personalizada seg\u00fan tus h\u00e1bitos de navegaci\u00f3n.<br \/>\nLa informaci\u00f3n recogida en las Cookies nos permite, adem\u00e1s, mejorar nuestra Web mediante<br \/>\nestimaciones sobre datos estad\u00edsticos y patrones de uso (n\u00famero de visitas, secciones m\u00e1s visitadas,<br \/>\ntiempo de visita, etc.), conocer de manera estad\u00edstica c\u00f3mo interact\u00faan los usuarios con la Web con<br \/>\nel fin de mejorar nuestros servicios, as\u00ed como para adaptar la Web a tus intereses individuales, la<br \/>\naceleraci\u00f3n de las b\u00fasquedas, etc.<br \/>\nEn ocasiones, podremos utilizar Cookies para obtener informaci\u00f3n que nos permita mostrar desde nuestra<br \/>\nWeb, las plataformas de terceros, o por cualquier otro medio, publicidad basada en el an\u00e1lisis de tus<br \/>\nh\u00e1bitos de navegaci\u00f3n (productos visitados, secciones consultadas, etc.).<br \/>\nEn todo caso, en las Cookies que utilizamos nosotros nunca almacenamos informaci\u00f3n sensible como<br \/>\ncontrase\u00f1as, datos de tarjeta de cr\u00e9dito o d\u00e9bito, etc.<\/p>\n<p><strong>4. \u00bfC\u00f3mo puedo gestionar el uso de Cookies en esta Plataforma?<\/strong><br \/>\nEn el panel de configuraci\u00f3n de Cookies accesible en todo momento en nuestra Plataforma podr\u00e1s obtener<br \/>\ntoda la informaci\u00f3n sobre las Cookies utilizadas por esta Web, junto con la informaci\u00f3n sobre el<br \/>\nprop\u00f3sito, duraci\u00f3n y gesti\u00f3n (propia o por terceros) de cada una de ellas, para que puedas gestionar la<br \/>\nactivaci\u00f3n y desactivaci\u00f3n del uso de aquellas Cookies que no son estrictamente necesarias para el<br \/>\nfuncionamiento de la Web.<br \/>\nAlternativamente, en caso de que est\u00e9s navegando por internet, puedes deshabilitar en tu navegador el<br \/>\nuso de Cookies. Te indicamos la manera de realizarlo en los navegadores m\u00e1s populares:<\/p>\n<p>\u2022<strong> Google Chrome<\/strong> https:\/\/support.google.com\/chrome\/answer\/95647?hl=es<br \/>\n\u2022 <strong>Internet Explorer<\/strong> https:\/\/support.microsoft.com\/es-es\/topic\/eliminar-y-administrar-cookies-168dab11-0753-043d-7c16-ede5947fc64d<br \/>\n\u2022 <strong>Mozilla Firefox<\/strong> https:\/\/support.mozilla.org\/es\/kb\/habilitar-y-deshabilitar-cookies-sitios-web-rastrear-preferencias<br \/>\n\u2022 <strong>Safari<\/strong> https:\/\/support.apple.com\/es-es\/HT201265<\/p>\n<p>Esta posibilidad de evitar el uso de Cookies puede ser llevada a cabo en cualquier momento.<br \/>\nPor favor, ten en cuenta que tanto tu gesti\u00f3n del panel de configuraci\u00f3n de Cookies, como tu opci\u00f3n de<br \/>\nrechazar las Cookies es espec\u00edfica para cada navegador que est\u00e9s utilizando. Por lo tanto, si optas por<br \/>\nconfigurar las Cookies de una forma en un dispositivo y deseas que tu opci\u00f3n se aplique de manera similar<br \/>\na otro dispositivo, deber\u00e1s activar la misma opci\u00f3n para ese otro dispositivo.<br \/>\nComo paso adicional, con respecto a las Cookies de terceros con la finalidad de proporcionar publicidad<br \/>\nbasada en tus intereses, por favor ten en cuenta que ciertos terceros pueden ser miembros de alguno de<br \/>\nlos siguientes programas autorreguladores de publicidad comportamental online, con las correspondientes<br \/>\nopciones de exclusi\u00f3n voluntaria:<\/p>\n<p>\u2022 Network Advertising Initiative (NAI) &#8211; http:\/\/www.networkadvertising.org\/choices\/<\/p>\n<p>\u2022 Google Analytics &#8211; https:\/\/tools.google.com\/dlpage\/gaoptout<\/p>\n<p><strong>5. \u00bfQui\u00e9n utiliza la informaci\u00f3n almacenada en las Cookies?<\/strong><\/p>\n<p>La informaci\u00f3n almacenada en las Cookies de nuestra Web es utilizada exclusivamente por nosotros,<br \/>\na excepci\u00f3n de aquellas identificadas en la secci\u00f3n 2 como \u201cCookies de terceros\u201d, que son utilizadas y<br \/>\ngestionadas por entidades externas para proporcionarnos servicios dirigidos a mejorar nuestros servicios y<br \/>\nla experiencia del usuario al navegar en nuestra Web. M\u00e1s informaci\u00f3n en el panel de configuraci\u00f3n<br \/>\nde Cookies accesible en todo momento en nuestra Web.<br \/>\nPara obtener informaci\u00f3n m\u00e1s detallada sobre el tratamiento de tus datos personales en nuestra colaboraci\u00f3n<br \/>\ncon terceros y aquellos sujetos a transferencias internacionales de datos, te recomendamos que leas nuestra<br \/>\nPol\u00edtica de Privacidad accesible en nuestra Web, y las pol\u00edticas de privacidad \/ configuraciones de<br \/>\nprivacidad de estos terceros colaboradores accesibles a trav\u00e9s de sus plataformas.<\/p>\n","protected":false},"excerpt":{"rendered":"<p>Pol\u00edtica de Cookies En esta Pol\u00edtica de Cookies encontrar\u00e1s informaci\u00f3n sobre el uso que realizamos de las cookies y dispositivos similares que se instalan en los terminales de nuestros clientes y usuarios. En ocasiones, el uso de cookies puede estar relacionado con el tratamiento de datos personales, por lo que te recomendamos que consultes nuestra [&hellip;]<\/p>\n","protected":false},"author":3,"featured_media":0,"parent":0,"menu_order":0,"comment_status":"closed","ping_status":"closed","template":"","meta":{"footnotes":""},"_links":{"self":[{"href":"https:\/\/thetreefern.com\/en\/wp-json\/wp\/v2\/pages\/3392"}],"collection":[{"href":"https:\/\/thetreefern.com\/en\/wp-json\/wp\/v2\/pages"}],"about":[{"href":"https:\/\/thetreefern.com\/en\/wp-json\/wp\/v2\/types\/page"}],"author":[{"embeddable":true,"href":"https:\/\/thetreefern.com\/en\/wp-json\/wp\/v2\/users\/3"}],"replies":[{"embeddable":true,"href":"https:\/\/thetreefern.com\/en\/wp-json\/wp\/v2\/comments?post=3392"}],"version-history":[{"count":1,"href":"https:\/\/thetreefern.com\/en\/wp-json\/wp\/v2\/pages\/3392\/revisions"}],"predecessor-version":[{"id":3393,"href":"https:\/\/thetreefern.com\/en\/wp-json\/wp\/v2\/pages\/3392\/revisions\/3393"}],"wp:attachment":[{"href":"https:\/\/thetreefern.com\/en\/wp-json\/wp\/v2\/media?parent=3392"}],"curies":[{"name":"wp","href":"https:\/\/api.w.org\/{rel}","templated":true}]}}